{"id":965,"date":"2019-09-19T14:15:27","date_gmt":"2019-09-19T17:15:27","guid":{"rendered":"http:\/\/comunicantus.eca.usp.br\/?page_id=965"},"modified":"2024-11-25T08:38:26","modified_gmt":"2024-11-25T11:38:26","slug":"materiais-didaticos","status":"publish","type":"page","link":"https:\/\/comunicantus.eca.usp.br\/index.php\/materiais-didaticos\/","title":{"rendered":"Materiais did\u00e1ticos"},"content":{"rendered":"\n<h3 class=\"wp-block-heading\">Repert\u00f3rio Coral &#8211; Profa. Susana Cecilia Igayara-Souza<\/h3>\n\n\n\n<div class=\"wp-block-file\"><a href=\"http:\/\/comunicantus.eca.usp.br\/wp-content\/uploads\/2020\/06\/Coro-Virtual.pdf\">Coro Virtual<\/a><a href=\"http:\/\/comunicantus.eca.usp.br\/wp-content\/uploads\/2020\/06\/Coro-Virtual.pdf\" class=\"wp-block-file__button\" download>Baixar<\/a><\/div>\n\n\n\n<div class=\"wp-block-file\"><a href=\"http:\/\/comunicantus.eca.usp.br\/wp-content\/uploads\/2020\/06\/Canto-coral-e-Pandemia.pdf\">Canto coral e Pandemia<\/a><a href=\"http:\/\/comunicantus.eca.usp.br\/wp-content\/uploads\/2020\/06\/Canto-coral-e-Pandemia.pdf\" class=\"wp-block-file__button\" download>Baixar<\/a><\/div>\n\n\n\n<p>Playlist: Repert\u00f3rio Coral no Renascimento<\/p>\n\n\n\n<figure class=\"wp-block-embed-youtube wp-block-embed is-type-video is-provider-youtube wp-embed-aspect-16-9 wp-has-aspect-ratio\"><div class=\"wp-block-embed__wrapper\">\n<div class=\"jetpack-video-wrapper\"><iframe loading=\"lazy\" title=\"[HRC] repert\u00f3rio coral no renascimento\" width=\"819\" height=\"461\" src=\"https:\/\/www.youtube.com\/embed\/videoseries?list=PLz1HVcZkmfpu4RkGTGehn7-asAAJNWGWT\" frameborder=\"0\" allow=\"accelerometer; autoplay; clipboard-write; encrypted-media; gyroscope; picture-in-picture; web-share\" referrerpolicy=\"strict-origin-when-cross-origin\" allowfullscreen><\/iframe><\/div>\n<\/div><\/figure>\n\n\n\n<p>Playlist: Repert\u00f3rio Coral no Barroco<\/p>\n\n\n\n<figure class=\"wp-block-embed-youtube wp-block-embed is-type-video is-provider-youtube wp-embed-aspect-16-9 wp-has-aspect-ratio\"><div class=\"wp-block-embed__wrapper\">\n<div class=\"jetpack-video-wrapper\"><iframe loading=\"lazy\" title=\"[HRC] Repert\u00f3rio coral barroco\" width=\"819\" height=\"461\" src=\"https:\/\/www.youtube.com\/embed\/videoseries?list=PLz1HVcZkmfptenlZLncVqPas5EGdCmCsy\" frameborder=\"0\" allow=\"accelerometer; autoplay; clipboard-write; encrypted-media; gyroscope; picture-in-picture; web-share\" referrerpolicy=\"strict-origin-when-cross-origin\" allowfullscreen><\/iframe><\/div>\n<\/div><\/figure>\n\n\n\n<p>Playlist: Repert\u00f3rio Coral no Romantismo<\/p>\n\n\n\n<figure class=\"wp-block-embed-youtube wp-block-embed is-type-video is-provider-youtube wp-embed-aspect-16-9 wp-has-aspect-ratio\"><div class=\"wp-block-embed__wrapper\">\n<div class=\"jetpack-video-wrapper\"><iframe loading=\"lazy\" title=\"[HRC] Repert\u00f3rio Coral no Romantismo\" width=\"819\" height=\"461\" src=\"https:\/\/www.youtube.com\/embed\/videoseries?list=PLz1HVcZkmfpvSoc82pkWXirehVbS4dRtS\" frameborder=\"0\" allow=\"accelerometer; autoplay; clipboard-write; encrypted-media; gyroscope; picture-in-picture; web-share\" referrerpolicy=\"strict-origin-when-cross-origin\" allowfullscreen><\/iframe><\/div>\n<\/div><\/figure>\n\n\n\n<p>Playlist: Abrang\u00eancia do repert\u00f3rio coral (a partir de um texto de John Rutter)<\/p>\n\n\n\n<figure class=\"wp-block-embed-youtube wp-block-embed is-type-video is-provider-youtube wp-embed-aspect-16-9 wp-has-aspect-ratio\"><div class=\"wp-block-embed__wrapper\">\n<div class=\"jetpack-video-wrapper\"><iframe loading=\"lazy\" title=\"Hist\u00f3ria do Repert\u00f3rio Coral: abrang\u00eancia (a partir de texto de John Rutter)\" width=\"819\" height=\"461\" src=\"https:\/\/www.youtube.com\/embed\/videoseries?list=PLz1HVcZkmfpudedanC1MHDAAb4OpUY-Jn\" frameborder=\"0\" allow=\"accelerometer; autoplay; clipboard-write; encrypted-media; gyroscope; picture-in-picture; web-share\" referrerpolicy=\"strict-origin-when-cross-origin\" allowfullscreen><\/iframe><\/div>\n<\/div><\/figure>\n\n\n\n<h3 class=\"wp-block-heading\">Prepara\u00e7\u00e3o Vocal<\/h3>\n\n\n\n<p><\/p>\n\n\n\n<ul class=\"wp-block-list\"><li><a rel=\"noreferrer noopener\" href=\"http:\/\/comunicantus.eca.usp.br\/wp-content\/uploads\/2020\/03\/Exercicios-de-Aquecimento-Modulo-1.pdf\" target=\"_blank\">Exerc\u00edcios de Aquecimento Vocal &#8211; M\u00f3dulo 1<\/a><\/li><li><a rel=\"noreferrer noopener\" aria-label=\"Exerc\u00edcios de Aquecimento Vocal - M\u00f3dulo 1 - Alongamento (V\u00eddeo de exemplo) (opens in a new tab)\" href=\"https:\/\/www.youtube.com\/watch?v=DmdnERWoqOg\" target=\"_blank\">Exerc\u00edcios de Aquecimento Vocal &#8211; M\u00f3dulo 1 &#8211; Alongamento (v\u00eddeo de apoio)<\/a><\/li><li><a rel=\"noreferrer noopener\" aria-label=\"Exerc\u00edcios de Aquecimento Vocal - M\u00f3dulo 1 - Respira\u00e7\u00e3o e vibra\u00e7\u00e3o (v\u00eddeo de apoio) (opens in a new tab)\" href=\"https:\/\/www.youtube.com\/watch?v=LiIe6LXZfa8\" target=\"_blank\">Exerc\u00edcios de Aquecimento Vocal &#8211; M\u00f3dulo 1 &#8211; Respira\u00e7\u00e3o e vibra\u00e7\u00e3o (v\u00eddeo de apoio)<\/a><\/li><li><a href=\"https:\/\/www.youtube.com\/watch?v=DmdnERWoqOg&amp;list=PLFVsT3IP04CyZaTlWDf9_lQitU0sgXHrr\">Exerc\u00edcios de Aquecimento Vocal Coro de C\u00e2mara Comunicantus<\/a><\/li><li><a href=\"https:\/\/www.youtube.com\/playlist?list=PL48vKbvFCqhWSsU_S7sO76C2gA9nzGa0U\">Prepara\u00e7\u00e3o Vocal &#8211; Coral da ECA-USP<\/a><\/li><li><a href=\"https:\/\/www.youtube.com\/playlist?list=PL48vKbvFCqhVuzg7NiSUmQptManqrUZU-\">Escuta e Prepara\u00e7\u00e3o Harm\u00f4nica &#8211; Coral da ECA-USP<\/a><\/li><\/ul>\n\n\n\n<h3 class=\"wp-block-heading\">Tradu\u00e7\u00f5es<\/h3>\n\n\n\n<ul class=\"wp-block-list\"><li><a href=\"http:\/\/comunicantus.eca.usp.br\/index.php\/dancas-polovitsianas-borodin\/\">BORODIN, Alexander &#8211; Dan\u00e7as polovitsianas<\/a><\/li><li><a href=\"http:\/\/comunicantus.eca.usp.br\/index.php\/cantique-de-jean-racine-op-50\/\">FAUR\u00c9, Gabriel &#8211; Cantique de Jean Racine, Op. 11<\/a><\/li><li><a href=\"http:\/\/comunicantus.eca.usp.br\/index.php\/pavane-op-50-faure\/\">FAUR\u00c9, Gabriel &#8211; Pavane, Op. 50<\/a><\/li><li><a href=\"http:\/\/comunicantus.eca.usp.br\/index.php\/shes-leaving-home\/\">MCCARTNEY, Paul &amp; LENNON, John &#8211; She&#8217;s leaving home<\/a> <\/li><li><a href=\"http:\/\/comunicantus.eca.usp.br\/index.php\/un-madrigal-ventura-romero\/\">ROMERO, Ventura &#8211; Un madrigal<\/a><\/li><li><a href=\"http:\/\/comunicantus.eca.usp.br\/index.php\/salmo-150\/\">Salmo 150<\/a><\/li><li><a href=\"http:\/\/comunicantus.eca.usp.br\/index.php\/tantum-ergo\/\">Tantum Ergo<\/a><\/li><\/ul>\n\n\n\n<h3 class=\"wp-block-heading\">Transcri\u00e7\u00f5es fon\u00e9ticas<\/h3>\n\n\n\n<ul class=\"wp-block-list\"><li><a href=\"http:\/\/comunicantus.eca.usp.br\/index.php\/lilium-kayo-konishi-yukio-kondo\/\">Lilium &#8211; Kayo Konishi &amp; Yukio Kondo<\/a><\/li><\/ul>\n\n\n\n<h3 class=\"wp-block-heading\">Nota\u00e7\u00e3o musical \/ Edi\u00e7\u00e3o<\/h3>\n\n\n\n<ul class=\"wp-block-list\"><li><a href=\"http:\/\/comunicantus.eca.usp.br\/index.php\/video-tutorial-sobre-notacao-da-musica-vocal\/\">V\u00eddeo tutorial sobre nota\u00e7\u00e3o da m\u00fasica vocal<\/a><\/li><\/ul>\n\n\n\n<h3 class=\"wp-block-heading\">Outros materiais<\/h3>\n\n\n\n<ul class=\"wp-block-list\"><li><a href=\"http:\/\/www.eca.usp.br\/comunicantus\/projetomodinhas\">Lista de modinhas<\/a><\/li><li><a rel=\"noreferrer noopener\" aria-label=\" (opens in a new tab)\" href=\"http:\/\/comunicantus.eca.usp.br\/wp-content\/uploads\/2019\/11\/Concerto-did\u00e1tico-Coro-de-C\u00e2mara-Comunicantus.pdf\" target=\"_blank\">Concerto Did\u00e1tico &#8211; Coro de C\u00e2mara Comunicantus<\/a><a rel=\"noreferrer noopener\" aria-label=\" (opens in a new tab)\" href=\"http:\/\/comunicantus.eca.usp.br\/wp-content\/uploads\/2020\/03\/Exercicios-de-Aquecimento-Modulo-1.pdf\" target=\"_blank\"><\/a><\/li><\/ul>\n\n\n\n<p><\/p>\n","protected":false},"excerpt":{"rendered":"<p>Repert\u00f3rio Coral &#8211; Profa. Susana Cecilia Igayara-Souza Playlist: Repert\u00f3rio Coral no Renascimento Playlist: Repert\u00f3rio Coral no Barroco Playlist: Repert\u00f3rio Coral no Romantismo Playlist: Abrang\u00eancia do [&hellip;]<\/p>\n","protected":false},"author":1,"featured_media":0,"parent":0,"menu_order":0,"comment_status":"closed","ping_status":"closed","template":"","meta":{"footnotes":""},"class_list":["post-965","page","type-page","status-publish","hentry"],"jetpack_sharing_enabled":true,"jetpack_shortlink":"https:\/\/wp.me\/PaQJJo-fz","_links":{"self":[{"href":"https:\/\/comunicantus.eca.usp.br\/index.php\/wp-json\/wp\/v2\/pages\/965","targetHints":{"allow":["GET"]}}],"collection":[{"href":"https:\/\/comunicantus.eca.usp.br\/index.php\/wp-json\/wp\/v2\/pages"}],"about":[{"href":"https:\/\/comunicantus.eca.usp.br\/index.php\/wp-json\/wp\/v2\/types\/page"}],"author":[{"embeddable":true,"href":"https:\/\/comunicantus.eca.usp.br\/index.php\/wp-json\/wp\/v2\/users\/1"}],"replies":[{"embeddable":true,"href":"https:\/\/comunicantus.eca.usp.br\/index.php\/wp-json\/wp\/v2\/comments?post=965"}],"version-history":[{"count":34,"href":"https:\/\/comunicantus.eca.usp.br\/index.php\/wp-json\/wp\/v2\/pages\/965\/revisions"}],"predecessor-version":[{"id":1904,"href":"https:\/\/comunicantus.eca.usp.br\/index.php\/wp-json\/wp\/v2\/pages\/965\/revisions\/1904"}],"wp:attachment":[{"href":"https:\/\/comunicantus.eca.usp.br\/index.php\/wp-json\/wp\/v2\/media?parent=965"}],"curies":[{"name":"wp","href":"https:\/\/api.w.org\/{rel}","templated":true}]}}