{"id":492,"date":"2019-01-01T00:00:40","date_gmt":"2019-01-01T02:00:40","guid":{"rendered":"http:\/\/comunicantus.eca.usp.br\/?page_id=492"},"modified":"2024-11-25T08:38:26","modified_gmt":"2024-11-25T11:38:26","slug":"madrigal-comunicantus","status":"publish","type":"page","link":"https:\/\/comunicantus.eca.usp.br\/index.php\/madrigal-comunicantus\/","title":{"rendered":"Madrigal Comunicantus"},"content":{"rendered":"\n<h2 class=\"wp-block-heading\">Madrigal Comunicantus<\/h2>\n\n\n\n<p>O Madrigal Comunicantus foi um grupo dedicado ao repert\u00f3rio vocal do Renascimento e suas atividades estiveram ligadas ao projeto de doutoramento de Munir Sabag, desenvolvido sob a orienta\u00e7\u00e3o do Prof. Dr. Marco Antonio da Silva Ramos. A pesquisa do doutorando envolveu diversos aspectos da m\u00fasica vocal polif\u00f4nica dos s\u00e9culos XVI e XVII, com \u00eanfase na transcri\u00e7\u00e3o de novas pe\u00e7as para a nota\u00e7\u00e3o moderna e na an\u00e1lise musical orientada para a performance. O grupo foi formado em 2017 e esteve em atividade at\u00e9 2019. Atualmente as atividades est\u00e3o suspensas, sem previs\u00e3o de retorno.  <\/p>\n\n\n\n<h4 class=\"wp-block-heading\">Pr\u00f3ximas apresenta\u00e7\u00f5es<\/h4>\n\n\n<div id=\"ect-no-events\"><p>There are no upcoming events at this time<\/p><\/div>\n\n\n\n<h4 class=\"wp-block-heading\">Coralistas<\/h4>\n\n\n\n<p><strong>Sopranos<\/strong><\/p>\n\n\n\n<p>Ana Maria Graciano Figueiredo<\/p>\n\n\n\n<p>Cecilia Busato<\/p>\n\n\n\n<p>Fernanda Moura<\/p>\n\n\n\n<p>Martha Salerno Monteiro<\/p>\n\n\n\n<p>Raquel Neves<\/p>\n\n\n\n<p>Julia Chicote<br><\/p>\n\n\n\n<p><strong>Contraltos<\/strong><br><\/p>\n\n\n\n<p>Giselle Cota<br><\/p>\n\n\n\n<p>D\u00e9bora Diniz<br><\/p>\n\n\n\n<p>Vera Marta Takayama<br><\/p>\n\n\n\n<p>Erika Scarpinella<br><\/p>\n\n\n\n<p><strong>Tenores<\/strong><br><\/p>\n\n\n\n<p>Lucas Torres<\/p>\n\n\n\n<p>Marcelo Recski<br><\/p>\n\n\n\n<p>Willians Rodrigues<\/p>\n\n\n\n<p><strong>Baixos<\/strong><br><\/p>\n\n\n\n<p>Silvestre Lonardelli<br><\/p>\n\n\n\n<p>Filipe Fonseca<br><\/p>\n\n\n\n<p>Fl\u00e1vio Moreira<br><\/p>\n\n\n\n<h4 class=\"wp-block-heading\">Hor\u00e1rio<\/h4>\n\n\n\n<p>Segundas-feiras, das 15h \u00e0s 17h<\/p>\n","protected":false},"excerpt":{"rendered":"<p>Madrigal Comunicantus O Madrigal Comunicantus foi um grupo dedicado ao repert\u00f3rio vocal do Renascimento e suas atividades estiveram ligadas ao projeto de doutoramento de Munir [&hellip;]<\/p>\n","protected":false},"author":1,"featured_media":1150,"parent":0,"menu_order":0,"comment_status":"closed","ping_status":"closed","template":"","meta":{"footnotes":""},"class_list":["post-492","page","type-page","status-publish","has-post-thumbnail","hentry"],"jetpack_sharing_enabled":true,"jetpack_shortlink":"https:\/\/wp.me\/PaQJJo-7W","_links":{"self":[{"href":"https:\/\/comunicantus.eca.usp.br\/index.php\/wp-json\/wp\/v2\/pages\/492","targetHints":{"allow":["GET"]}}],"collection":[{"href":"https:\/\/comunicantus.eca.usp.br\/index.php\/wp-json\/wp\/v2\/pages"}],"about":[{"href":"https:\/\/comunicantus.eca.usp.br\/index.php\/wp-json\/wp\/v2\/types\/page"}],"author":[{"embeddable":true,"href":"https:\/\/comunicantus.eca.usp.br\/index.php\/wp-json\/wp\/v2\/users\/1"}],"replies":[{"embeddable":true,"href":"https:\/\/comunicantus.eca.usp.br\/index.php\/wp-json\/wp\/v2\/comments?post=492"}],"version-history":[{"count":12,"href":"https:\/\/comunicantus.eca.usp.br\/index.php\/wp-json\/wp\/v2\/pages\/492\/revisions"}],"predecessor-version":[{"id":1920,"href":"https:\/\/comunicantus.eca.usp.br\/index.php\/wp-json\/wp\/v2\/pages\/492\/revisions\/1920"}],"wp:featuredmedia":[{"embeddable":true,"href":"https:\/\/comunicantus.eca.usp.br\/index.php\/wp-json\/wp\/v2\/media\/1150"}],"wp:attachment":[{"href":"https:\/\/comunicantus.eca.usp.br\/index.php\/wp-json\/wp\/v2\/media?parent=492"}],"curies":[{"name":"wp","href":"https:\/\/api.w.org\/{rel}","templated":true}]}}