{"id":459,"date":"2019-03-22T13:49:58","date_gmt":"2019-03-22T16:49:58","guid":{"rendered":"http:\/\/comunicantus.eca.usp.br\/?page_id=459"},"modified":"2024-11-25T08:38:13","modified_gmt":"2024-11-25T11:38:13","slug":"ensino","status":"publish","type":"page","link":"https:\/\/comunicantus.eca.usp.br\/index.php\/ensino\/","title":{"rendered":"Ensino"},"content":{"rendered":"\n<p>Os professores ligados ao <em>Comunicantus; Laborat\u00f3rio Coral <\/em>s\u00e3o respons\u00e1veis por diversas disciplinas ministradas no Departamento de M\u00fasica da ECA-USP, em n\u00edvel de gradua\u00e7\u00e3o e p\u00f3s-gradua\u00e7\u00e3o. Alunos de outras universidades p\u00fablicas podem cursar disciplinas na USP, mediante requerimento. <\/p>\n\n\n\n<p>As disciplinas de p\u00f3s-gradua\u00e7\u00e3o podem ser cursadas por alunos graduados n\u00e3o inscritos no Programa, a partir de edital para alunos especiais. <\/p>\n\n\n\n<p>Veja a lista de disciplinas oferecidas pelo Departamento de M\u00fasica na \u00e1rea coral. <\/p>\n\n\n\n<p class=\"has-medium-font-size\"><strong>Pr\u00e1ticas corais (gradua\u00e7\u00e3o):<\/strong><\/p>\n\n\n\n<p><strong>Canto Coral (Coral da ECA-USP)<\/strong><\/p>\n\n\n\n<table class=\"wp-block-table is-style-regular\"><tbody><tr><td>CMU0430<\/td><td><a href=\"https:\/\/uspdigital.usp.br\/jupiterweb\/obterDisciplina?sgldis=CMU0430&amp;verdis=4\">Canto\n  Coral I<\/a><\/td><\/tr><tr><td>CMU0431<\/td><td><a href=\"https:\/\/uspdigital.usp.br\/jupiterweb\/obterDisciplina?sgldis=CMU0431&amp;verdis=4\">Canto\n  Coral II<\/a><\/td><\/tr><tr><td>CMU0432<\/td><td><a href=\"https:\/\/uspdigital.usp.br\/jupiterweb\/obterDisciplina?sgldis=CMU0432&amp;verdis=4\">Canto\n  Coral III<\/a><\/td><\/tr><tr><td>CMU0433<\/td><td><a href=\"https:\/\/uspdigital.usp.br\/jupiterweb\/obterDisciplina?sgldis=CMU0433&amp;verdis=4\">Canto\n  Coral IV<\/a><\/td><\/tr><tr><td>CMU0438<\/td><td><a href=\"https:\/\/uspdigital.usp.br\/jupiterweb\/obterDisciplina?sgldis=CMU0438&amp;verdis=4\">Canto\n  Coral IX<\/a><\/td><\/tr><tr><td>CMU0434<\/td><td><a href=\"https:\/\/uspdigital.usp.br\/jupiterweb\/obterDisciplina?sgldis=CMU0434&amp;verdis=4\">Canto\n  Coral V<\/a><\/td><\/tr><tr><td>CMU0435<\/td><td><a href=\"https:\/\/uspdigital.usp.br\/jupiterweb\/obterDisciplina?sgldis=CMU0435&amp;verdis=4\">Canto\n  Coral VI<\/a><\/td><\/tr><tr><td>CMU0436<\/td><td><a href=\"https:\/\/uspdigital.usp.br\/jupiterweb\/obterDisciplina?sgldis=CMU0436&amp;verdis=4\">Canto\n  Coral VII<\/a><\/td><\/tr><tr><td>CMU0437<\/td><td><a href=\"https:\/\/uspdigital.usp.br\/jupiterweb\/obterDisciplina?sgldis=CMU0437&amp;verdis=4\">Canto\n  Coral VIII<\/a><\/td><\/tr><tr><td>CMU0439<\/td><td><a href=\"https:\/\/uspdigital.usp.br\/jupiterweb\/obterDisciplina?sgldis=CMU0439&amp;verdis=4\">Canto\n  Coral X<\/a><\/td><\/tr><\/tbody><\/table>\n\n\n\n<p><strong>Pr\u00e1ticas Multidisciplinares (Coro Universit\u00e1rio Comunicantus e participa\u00e7\u00e3o em um dos projetos de coros comunit\u00e1rios: Coral da Terceira Idade da USP ou Coral Escola Comunicantus<\/strong><\/p>\n\n\n\n<table class=\"wp-block-table\"><tbody><tr><td>CMU0671<\/td><td><a href=\"https:\/\/uspdigital.usp.br\/jupiterweb\/obterDisciplina?sgldis=CMU0671&amp;verdis=1\">Pr\u00e1ticas Multidisciplinares em Canto Coral , com Est\u00e1gio Supervisionado VIII<\/a><\/td><\/tr><tr><td>CMU0469<\/td><td><a href=\"https:\/\/uspdigital.usp.br\/jupiterweb\/obterDisciplina?sgldis=CMU0469&amp;verdis=1\">Pr\u00e1ticas Multidisciplinares em Canto Coral, com Est\u00e1gio Supervisionado I<\/a><\/td><\/tr><tr><td>CMU0470<\/td><td><a href=\"https:\/\/uspdigital.usp.br\/jupiterweb\/obterDisciplina?sgldis=CMU0470&amp;verdis=1\">Pr\u00e1ticas Multidisciplinares em Canto Coral, com Est\u00e1gio Supervisionado II<\/a><\/td><\/tr><tr><td>CMU0505<\/td><td><a href=\"https:\/\/uspdigital.usp.br\/jupiterweb\/obterDisciplina?sgldis=CMU0505&amp;verdis=1\">Pr\u00e1ticas Multidisciplinares em Canto Coral, com Est\u00e1gio Supervisionado III<\/a><\/td><\/tr><tr><td>CMU0506<\/td><td><a href=\"https:\/\/uspdigital.usp.br\/jupiterweb\/obterDisciplina?sgldis=CMU0506&amp;verdis=1\">Pr\u00e1ticas Multidisciplinares em Canto Coral, com Est\u00e1gio Supervisionado IV<\/a><\/td><\/tr><tr><td>CMU0672<\/td><td><a href=\"https:\/\/uspdigital.usp.br\/jupiterweb\/obterDisciplina?sgldis=CMU0672&amp;verdis=1\">Pr\u00e1ticas Multidisciplinares em Canto Coral, com Est\u00e1gio Supervisionado IX<\/a><\/td><\/tr><tr><td>CMU0507<\/td><td><a href=\"https:\/\/uspdigital.usp.br\/jupiterweb\/obterDisciplina?sgldis=CMU0507&amp;verdis=1\">Pr\u00e1ticas Multidisciplinares em Canto Coral, com Est\u00e1gio Supervisionado V<\/a><\/td><\/tr><tr><td>CMU0508<\/td><td><a href=\"https:\/\/uspdigital.usp.br\/jupiterweb\/obterDisciplina?sgldis=CMU0508&amp;verdis=1\">Pr\u00e1ticas Multidisciplinares em Canto Coral, com Est\u00e1gio Supervisionado VI<\/a><\/td><\/tr><tr><td>CMU0670<\/td><td><a href=\"https:\/\/uspdigital.usp.br\/jupiterweb\/obterDisciplina?sgldis=CMU0670&amp;verdis=1\">Pr\u00e1ticas Multidisciplinares em Canto Coral, com Est\u00e1gio Supervisionado VII<\/a><\/td><\/tr><tr><td>CMU0673<\/td><td><a href=\"https:\/\/uspdigital.usp.br\/jupiterweb\/obterDisciplina?sgldis=CMU0673&amp;verdis=1\">Pr\u00e1ticas Multidisciplinares em Canto Coral, com Est\u00e1gio Supervisionado X<\/a><\/td><\/tr><\/tbody><\/table>\n\n\n\n<p><strong>Pr\u00e1tica de Coro de C\u00e2mara (\u00e9 necess\u00e1rio pr\u00e1tica anterior, leitura musical fluente e entrevista) <\/strong><\/p>\n\n\n\n<table class=\"wp-block-table\"><tbody><tr><td>CMU0593<\/td><td><a href=\"https:\/\/uspdigital.usp.br\/jupiterweb\/obterDisciplina?sgldis=CMU0593&amp;verdis=2\">Pr\u00e1tica de Coro de C\u00e2mara I<\/a><\/td><\/tr><tr><td>CMU0594<\/td><td><a href=\"https:\/\/uspdigital.usp.br\/jupiterweb\/obterDisciplina?sgldis=CMU0594&amp;verdis=2\">Pr\u00e1tica de Coro de C\u00e2mara II<\/a><\/td><\/tr><tr><td>CMU0595<\/td><td><a href=\"https:\/\/uspdigital.usp.br\/jupiterweb\/obterDisciplina?sgldis=CMU0595&amp;verdis=2\">Pr\u00e1tica de Coro de C\u00e2mara III<\/a><\/td><\/tr><tr><td>CMU0596<\/td><td><a href=\"https:\/\/uspdigital.usp.br\/jupiterweb\/obterDisciplina?sgldis=CMU0596&amp;verdis=2\">Pr\u00e1tica de Coro de C\u00e2mara IV<\/a><\/td><\/tr><tr><td>CMU0597<\/td><td><a href=\"https:\/\/uspdigital.usp.br\/jupiterweb\/obterDisciplina?sgldis=CMU0597&amp;verdis=2\">Pr\u00e1tica de Coro de C\u00e2mara V<\/a><\/td><\/tr><tr><td>CMU0598<\/td><td><a href=\"https:\/\/uspdigital.usp.br\/jupiterweb\/obterDisciplina?sgldis=CMU0598&amp;verdis=2\">Pr\u00e1tica de Coro de C\u00e2mara VI<\/a><\/td><\/tr><tr><td>CMU0599<\/td><td><a href=\"https:\/\/uspdigital.usp.br\/jupiterweb\/obterDisciplina?sgldis=CMU0599&amp;verdis=2\">Pr\u00e1tica de Coro de C\u00e2mara VII<\/a><\/td><\/tr><tr><td>CMU0600<\/td><td><a href=\"https:\/\/uspdigital.usp.br\/jupiterweb\/obterDisciplina?sgldis=CMU0600&amp;verdis=2\">Pr\u00e1tica de Coro de C\u00e2mara VIII<\/a><\/td><\/tr><\/tbody><\/table>\n\n\n\n<p><strong>Disciplinas de Repert\u00f3rio Coral (gradua\u00e7\u00e3o)<\/strong><\/p>\n\n\n\n<table class=\"wp-block-table\"><tbody><tr><td>CMU0509<\/td><td><a href=\"https:\/\/uspdigital.usp.br\/jupiterweb\/obterDisciplina?sgldis=CMU0509&amp;verdis=3\">Estudos de Repert\u00f3rio Coral<\/a><\/td><\/tr><tr><td>CMU0520<\/td><td><a href=\"https:\/\/uspdigital.usp.br\/jupiterweb\/obterDisciplina?sgldis=CMU0520&amp;verdis=4\">Hist\u00f3ria do Repert\u00f3rio Coral: Cria\u00e7\u00e3o, Interpreta\u00e7\u00e3o e Recep\u00e7\u00e3o<\/a><\/td><\/tr><tr><td>CMU0521<\/td><td><a href=\"https:\/\/uspdigital.usp.br\/jupiterweb\/obterDisciplina?sgldis=CMU0521&amp;verdis=4\">Projetos em Repert\u00f3rio Coral I<\/a><\/td><\/tr><tr><td>CMU0698<\/td><td><a href=\"https:\/\/uspdigital.usp.br\/jupiterweb\/obterDisciplina?sgldis=CMU0698&amp;verdis=1\">Projetos em Repert\u00f3rio Coral II<\/a><\/td><\/tr><tr><td>CMU0522<\/td><td><a href=\"https:\/\/uspdigital.usp.br\/jupiterweb\/obterDisciplina?sgldis=CMU0522&amp;verdis=4\">Repert\u00f3rio Coral Brasileiro: M\u00fasica e Literatura<\/a><\/td><\/tr><\/tbody><\/table>\n\n\n\n<p><strong>Trabalho de Conclus\u00e3o de curso \/ Estudos preparat\u00f3rios para TCC<\/strong><\/p>\n\n\n\n<p>Os professores do Comunicantus: laborat\u00f3rio coral orientam trabalhos em suas especialidades, para alunos de Reg\u00eancia, Licenciatura em M\u00fasica e Canto e Arte L\u00edrica. Entre as tem\u00e1ticas que tem sido trabalhadas est\u00e3o aspectos relativos \u00e0 reg\u00eancia, t\u00e9cnicas de ensaio, repert\u00f3rio coral, prepara\u00e7\u00e3o vocal, organiza\u00e7\u00e3o do trabalho coral, processos educativos em canto coral, personalidades ligadas ao canto coral, an\u00e1lise de obras, entre outros. <\/p>\n\n\n\n<p><strong>Professores: <\/strong><\/p>\n\n\n\n<p>Susana Cecilia Igayara-Souza<\/p>\n\n\n\n<p>Marco Antonio da Silva Ramos<\/p>\n\n\n\n<p>Paulo Fred Teixeira<\/p>\n\n\n\n<p><\/p>\n\n\n\n<p class=\"has-medium-font-size\"><strong>Disciplinas de p\u00f3s-gradua\u00e7\u00e3o<\/strong><\/p>\n\n\n\n<p>Prof. respons\u00e1vel: Marco Antonio da Silva Ramos<\/p>\n\n\n\n<table class=\"wp-block-table\"><thead><tr><td>CMU5464<\/td><td><a href=\"https:\/\/uspdigital.usp.br\/janus\/publico\/disciplina\/C\/CMU5464\">Pr\u00e1ticas Laboratoriais em Reg\u00eancia Coral I<\/a><\/td><\/tr><tr><td>CMU5630<\/td><td><a href=\"https:\/\/uspdigital.usp.br\/janus\/publico\/disciplina\/C\/CMU5630\">Pr\u00e1ticas Laboratoriais em Reg\u00eancia Coral II<\/a><\/td><\/tr><tr><td>CMU5724<\/td><td><a href=\"https:\/\/uspdigital.usp.br\/janus\/publico\/disciplina\/C\/CMU5724\">Pr\u00e1ticas Laboratoriais em Reg\u00eancia Coral III<\/a><\/td><\/tr><tr><td>CMU6015<\/td><td><a href=\"https:\/\/uspdigital.usp.br\/janus\/publico\/disciplina\/C\/CMU6015\">Pr\u00e1ticas Laboratoriais em Reg\u00eancia Coral IV<\/a><\/td><\/tr><tr><td>CMU6029<\/td><td><a href=\"https:\/\/uspdigital.usp.br\/janus\/publico\/disciplina\/C\/CMU6029\">Pr\u00e1ticas Laboratoriais em Reg\u00eancia Coral V<\/a><\/td><\/tr><\/thead><\/table>\n\n\n\n<p>Professora respons\u00e1vel: Susana Cecilia Igayara-Souza<\/p>\n\n\n\n<table class=\"wp-block-table\"><thead><tr><th>C\u00f3digo<\/th><th>Nome<\/th><\/tr><tr><td>CMU6007<\/td><td><a href=\"https:\/\/uspdigital.usp.br\/janus\/publico\/disciplina\/C\/CMU6007\">A M\u00fasica como Discurso e os Discursos sobre M\u00fasica<\/a><\/td><\/tr><\/thead><\/table>\n\n\n\n<table class=\"wp-block-table\"><thead><tr><td>CMU5571<\/td><td><a href=\"https:\/\/uspdigital.usp.br\/janus\/publico\/disciplina\/C\/CMU5571\">Biografia e Autobiografia na Pesquisa em M\u00fasica<\/a><\/td><\/tr><\/thead><\/table>\n","protected":false},"excerpt":{"rendered":"<p>Os professores ligados ao Comunicantus; Laborat\u00f3rio Coral s\u00e3o respons\u00e1veis por diversas disciplinas ministradas no Departamento de M\u00fasica da ECA-USP, em n\u00edvel de gradua\u00e7\u00e3o e p\u00f3s-gradua\u00e7\u00e3o. [&hellip;]<\/p>\n","protected":false},"author":1,"featured_media":0,"parent":0,"menu_order":0,"comment_status":"closed","ping_status":"closed","template":"","meta":{"footnotes":""},"class_list":["post-459","page","type-page","status-publish","hentry"],"jetpack_sharing_enabled":true,"jetpack_shortlink":"https:\/\/wp.me\/PaQJJo-7p","_links":{"self":[{"href":"https:\/\/comunicantus.eca.usp.br\/index.php\/wp-json\/wp\/v2\/pages\/459","targetHints":{"allow":["GET"]}}],"collection":[{"href":"https:\/\/comunicantus.eca.usp.br\/index.php\/wp-json\/wp\/v2\/pages"}],"about":[{"href":"https:\/\/comunicantus.eca.usp.br\/index.php\/wp-json\/wp\/v2\/types\/page"}],"author":[{"embeddable":true,"href":"https:\/\/comunicantus.eca.usp.br\/index.php\/wp-json\/wp\/v2\/users\/1"}],"replies":[{"embeddable":true,"href":"https:\/\/comunicantus.eca.usp.br\/index.php\/wp-json\/wp\/v2\/comments?post=459"}],"version-history":[{"count":8,"href":"https:\/\/comunicantus.eca.usp.br\/index.php\/wp-json\/wp\/v2\/pages\/459\/revisions"}],"predecessor-version":[{"id":1292,"href":"https:\/\/comunicantus.eca.usp.br\/index.php\/wp-json\/wp\/v2\/pages\/459\/revisions\/1292"}],"wp:attachment":[{"href":"https:\/\/comunicantus.eca.usp.br\/index.php\/wp-json\/wp\/v2\/media?parent=459"}],"curies":[{"name":"wp","href":"https:\/\/api.w.org\/{rel}","templated":true}]}}