{"id":326,"date":"2019-01-03T00:00:15","date_gmt":"2019-01-03T02:00:15","guid":{"rendered":"http:\/\/comunicantus.eca.usp.br\/?page_id=326"},"modified":"2024-11-25T08:38:12","modified_gmt":"2024-11-25T11:38:12","slug":"coral-escola-comunicantus","status":"publish","type":"page","link":"https:\/\/comunicantus.eca.usp.br\/index.php\/coral-escola-comunicantus\/","title":{"rendered":"Coral Escola Comunicantus"},"content":{"rendered":"\n<p>O Coral Escola Comunicantus \u00e9 um coro comunit\u00e1rio com grande variedade de perfis de coralistas, voltado ao p\u00fablico externo ao Departamento de M\u00fasica: graduandos, p\u00f3s-graduandos, funcion\u00e1rios e coralistas de toda a cidade, com ou sem v\u00ednculo com a USP, sem necessidade de leitura musical. O coro, que existe desde 2001, \u00e9 voltado para o aperfei\u00e7oamento constante dos coralistas leigos.  O coro estreou diversos arranjos e composi\u00e7\u00f5es de alunos, escritos especialmente para o grupo como parte da atividade laboratorial. A equipe \u00e9 formada por alunos de gradua\u00e7\u00e3o e p\u00f3s-gradua\u00e7\u00e3o, vinculados \u00e0s disciplinas  <em>Pr\u00e1ticas Multidisciplinares em Canto Coral (gradua\u00e7\u00e3o) e Pr\u00e1ticas Laboratoriais em Reg\u00eancia Coral (p\u00f3s-gradua\u00e7\u00e3o)<\/em>. Os estudantes dividem as fun\u00e7\u00f5es de reg\u00eancia, prepara\u00e7\u00e3o vocal, ensaios de naipe, acompanhamento instrumental, composi\u00e7\u00e3o, arranjo, e sele\u00e7\u00e3o de repert\u00f3rio, com supervis\u00e3o dos professores do Comunicantus, Prof. Dr. Marco Antonio da Silva Ramos e Profa. Dra. Susana Cec\u00edlia Igayara.<\/p>\n\n\n\n<h4 class=\"wp-block-heading\">Pr\u00f3ximas apresenta\u00e7\u00f5es<\/h4>\n\n\n\n<div id=\"ect-no-events\"><p>There are no upcoming events at this time<\/p><\/div>\n\n\n\n<h2 class=\"wp-block-heading\">Coralistas<\/h2>\n\n\n\n<p><strong>Sopranos<\/strong><\/p>\n\n\n\n<p>Ana Helena Rizzi Cintra \/ Angela Maciel Barbosa \/ Carolina Gorini \/ Cec\u00edlia Neves Kappler Vaz \/ Carolina Gorini \/ L\u00edcien Mokrejs Camargo da Silva \/ Maria Paula Gurgel Ribeiro \/ Nayara Maria de Oliveira Gomes Silva \/ Samanta Lessa \/ Sarah Lorenzon Ferreira \/ Silvia Lopes de Menezes<br><\/p>\n\n\n\n<p><strong>Contralto<\/strong><\/p>\n\n\n\n<p>Fernanda Souza de Cillo \/ Isabel Fonseca Barcellos \/ J\u00falia Gomes L\u00facio de Ara\u00fajo \/ Luciana Lima Marques \/ Marina Ueti Berlowitz \/ Paula Maciel Barbosa \/ Thalia Alves da Silva <br><\/p>\n\n\n\n<p><strong>Tenores<\/strong><\/p>\n\n\n\n<p>Bruno Rafael Ramos de Mattos \/ Claude Tsezanas \/ Edinael Sanches Rocha \/ F\u00e1bio Ant\u00f4nio Pereira de Andrade \/ Lucas da Costa Machado  Rios<br><\/p>\n\n\n\n<p><strong>Baixos<\/strong><\/p>\n\n\n\n<p>Andr\u00e9 Neves Kappler Vaz \/ Daniel Pacheco Dias \/ Diogo Favero Stofo \/ Fernando Gabriel \/ Francisco Ozano Lima Arruda \/ Marco Aur\u00e9lio Silva Ramos \/ Ricardo Jos\u00e9 da Cunha \/ Sandro Eduardo Vichi \/ V\u00edtor Ancheschi Guiguer Pinto \/ Wesley Gomes de Freitas<br><\/p>\n\n\n\n<h2 class=\"wp-block-heading\">Ficha T\u00e9cnica<\/h2>\n\n\n\n<p>Professores supervisores: Prof. Dr. Marco Antonio da Silva Ramos, Prof. Dr. Paulo Frederico Teixeira, Profa. Dra. Susana Cecilia Igayara-Souza<\/p>\n\n\n\n<p>Equipe: Alana Andrade ( gradua\u00e7\u00e3o em licenciatura em m\u00fasica), Ana Paula Rotger (aluna ouvinte &#8211; licenciatura em educa\u00e7\u00e3o art\u00edstica com habilita\u00e7\u00e3o em m\u00fasica), Carolina Andrade Oliveira (doutorado em quest\u00f5es interpretativas), Ernestina Blaser (bacharel em flauta transversal), Camilla Liberali (aluna interunidades &#8211; gradua\u00e7\u00e3o em Letras), Gina Falc\u00e3o (doutorado em quest\u00f5es interpretativas), Henrique Ribeiro (gradua\u00e7\u00e3o em licenciatura em m\u00fasica), Julia Pires (gradua\u00e7\u00e3o em licenciatura em m\u00fasica), Mari Meyer (gradua\u00e7\u00e3o em licenciatura em m\u00fasica), Natalia Mioto (gradua\u00e7\u00e3o em licenciatura em m\u00fasica), Regina Marcondes (aluna interinstitucional &#8211; unesp &#8211; gradua\u00e7\u00e3o em reg\u00eancia), Silvestre Lonardelli (gradua\u00e7\u00e3o em reg\u00eancia).<\/p>\n\n\n\n<h2 class=\"wp-block-heading\">Hor\u00e1rios<\/h2>\n\n\n\n<p>6a. feira, das 18h30 \u00e0s 20h00, via google meet <\/p>\n","protected":false},"excerpt":{"rendered":"<p>O Coral Escola Comunicantus \u00e9 um coro comunit\u00e1rio com grande variedade de perfis de coralistas, voltado ao p\u00fablico externo ao Departamento de M\u00fasica: graduandos, p\u00f3s-graduandos, [&hellip;]<\/p>\n","protected":false},"author":1,"featured_media":566,"parent":0,"menu_order":0,"comment_status":"closed","ping_status":"closed","template":"","meta":{"footnotes":""},"class_list":["post-326","page","type-page","status-publish","has-post-thumbnail","hentry"],"jetpack_sharing_enabled":true,"jetpack_shortlink":"https:\/\/wp.me\/PaQJJo-5g","_links":{"self":[{"href":"https:\/\/comunicantus.eca.usp.br\/index.php\/wp-json\/wp\/v2\/pages\/326","targetHints":{"allow":["GET"]}}],"collection":[{"href":"https:\/\/comunicantus.eca.usp.br\/index.php\/wp-json\/wp\/v2\/pages"}],"about":[{"href":"https:\/\/comunicantus.eca.usp.br\/index.php\/wp-json\/wp\/v2\/types\/page"}],"author":[{"embeddable":true,"href":"https:\/\/comunicantus.eca.usp.br\/index.php\/wp-json\/wp\/v2\/users\/1"}],"replies":[{"embeddable":true,"href":"https:\/\/comunicantus.eca.usp.br\/index.php\/wp-json\/wp\/v2\/comments?post=326"}],"version-history":[{"count":22,"href":"https:\/\/comunicantus.eca.usp.br\/index.php\/wp-json\/wp\/v2\/pages\/326\/revisions"}],"predecessor-version":[{"id":1690,"href":"https:\/\/comunicantus.eca.usp.br\/index.php\/wp-json\/wp\/v2\/pages\/326\/revisions\/1690"}],"wp:featuredmedia":[{"embeddable":true,"href":"https:\/\/comunicantus.eca.usp.br\/index.php\/wp-json\/wp\/v2\/media\/566"}],"wp:attachment":[{"href":"https:\/\/comunicantus.eca.usp.br\/index.php\/wp-json\/wp\/v2\/media?parent=326"}],"curies":[{"name":"wp","href":"https:\/\/api.w.org\/{rel}","templated":true}]}}