{"id":324,"date":"2019-01-05T23:06:05","date_gmt":"2019-01-06T01:06:05","guid":{"rendered":"http:\/\/comunicantus.eca.usp.br\/?page_id=324"},"modified":"2024-11-25T08:38:12","modified_gmt":"2024-11-25T11:38:12","slug":"coral-da-eca-usp","status":"publish","type":"page","link":"https:\/\/comunicantus.eca.usp.br\/index.php\/coral-da-eca-usp\/","title":{"rendered":"Coral da ECA-USP"},"content":{"rendered":"\n<h2 class=\"wp-block-heading\">Coral da ECA-USP<\/h2>\n\n\n\n<p>O Coral da ECA-USP \u00e9 o coro mais antigo do <em>Comunicantus<\/em>, mas ao mesmo tempo \u00e9 alimentado pela eterna juventude de seus coralistas. O coro \u00e9 formado por estudantes da USP alunos das disciplinas <em>Canto Coral: T\u00e9cnicas de Express\u00e3o Vocal<\/em>, que re\u00fane os alunos de 1\u00ba e 2\u00ba anos de todos os cursos da m\u00fasica e os alunos mais adiantados de Canto e de Reg\u00eancia, sendo tamb\u00e9m uma disciplina optativa para alunos de outros cursos da USP que tenham leitura musical.<\/p>\n\n\n\n<p>A atividade coral no Departamento de M\u00fasica da ECA\/USP teve in\u00edcio em 1973, com a cria\u00e7\u00e3o do Coral da ECA-USP e com o primeiro professor de Reg\u00eancia Coral, o maestro alem\u00e3o Klaus-Dieter Wolff. At\u00e9 o fim da vida de Klaus-Dieter Wolff o trabalho dele esteve ligado ao Coral da ECA-USP, que tamb\u00e9m deu origem ao nome do Laborat\u00f3rio. Antes, <em>Comunicantus<\/em> era o nome do Coral da ECA-USP. O Coral da ECA-USP foi regido pelo Professor Titular S\u00eanior em Reg\u00eancia Coral Marco Antonio da Silva Ramos por 38 anos, de 1981 at\u00e9 2019. Em 2020, o Coral da ECA-USP passou a ser regido pelo professor Dr. Paulo Fred Teixeira. <\/p>\n\n\n\n<h3 class=\"wp-block-heading\">Curr\u00edculo<\/h3>\n\n\n\n<p>Curr\u00edculo.<\/p>\n\n\n\n<p>O Coral da ECA-USP realizou in\u00fameras primeiras audi\u00e7\u00f5es de obras de compositores uspianos (professores e alunos), como Willy Correa de Oliveira, Gilberto Mendes, Mario Ficarelli, Marco Antonio da Silva Ramos, Paulo C\u00e9sar Chagas, S\u00edlvio Ferraz, Paulo Guimar\u00e3es \u00c1lvares, Eduardo \u00c1lvares, Marcos C\u00e2mara.&nbsp; <\/p>\n\n\n\n<p>&nbsp;&nbsp;&nbsp;&nbsp;&nbsp;&nbsp;&nbsp;&nbsp;&nbsp;&nbsp;&nbsp; Como porta de entrada ao universo coral\npara muitos alunos ingressantes no Departamento de M\u00fasica, tem mantido um\nperfil de diversidade de repert\u00f3rio, visando a forma\u00e7\u00e3o ampla do estudante e\npropiciando as mais variadas experi\u00eancias corais. No&nbsp; repert\u00f3rio coral-sinf\u00f4nico, apresentou-se junto\n\u00e0 OCAM e OSUSP e com pequenas orquestras formadas pelos pr\u00f3prios integrantes do\ncoro. Apresentou amplo repert\u00f3rio brasileiro e internacional para coro <em>a\ncappella<\/em>, com piano e com pequenos conjuntos ou solistas.&nbsp; No repert\u00f3rio popular, deu \u00eanfase para o repert\u00f3rio\nbrasileiro e para a estreia de novos arranjos, mas tamb\u00e9m o internacional,\nincluindo, em 2012, uma banda de rock para o arranjo de <em>Bohemian Rapsody<\/em>,\ndo Queen. <\/p>\n\n\n\n<p>&nbsp;&nbsp;&nbsp;&nbsp;&nbsp;&nbsp;&nbsp;&nbsp;&nbsp;&nbsp;&nbsp; Um grande n\u00famero de regentes e solistas hoje atuantes no Brasil e exterior fizeram sua estreia profissional no Coral da ECA-USP, assim como muitos compositores e arranjadores tiveram suas primeiras obras estreadas pelo coro. <\/p>\n\n\n\n<p>Veja os locais\/ eventos da trajet\u00f3ria do Coral da ECA-USP:<\/p>\n\n\n\n<p>Anfiteatro Camargo Guarnieri (USP)<\/p>\n\n\n\n<p>Audit\u00f3rio Claudio Santoro (Campos\ndo Jord\u00e3o)<\/p>\n\n\n\n<p>Audit\u00f3rio da FEA-USP <\/p>\n\n\n\n<p>Audit\u00f3rio da Universidade\nMackenzie <\/p>\n\n\n\n<p>Audit\u00f3rio do Departamento de\nM\u00fasica da ECA-USP<\/p>\n\n\n\n<p>Audit\u00f3rio do Museu Lasar Segall <\/p>\n\n\n\n<p>Audit\u00f3rio Ibirapuera <\/p>\n\n\n\n<p>Audit\u00f3rio Simon Bol\u00edvar (Memorial\nda Am\u00e9rica Latina)<\/p>\n\n\n\n<p>Bienal de M\u00fasica Brasileira\nContempor\u00e2nea do Rio de Janeiro <\/p>\n\n\n\n<p>Catedral Evang\u00e9lica de S\u00e3o Paulo <\/p>\n\n\n\n<p>Centro Cultural S\u00e3o Paulo <\/p>\n\n\n\n<p>Centro Cultural Vladimir Herzog <\/p>\n\n\n\n<p>Centro de Difus\u00e3o Internacional da\nUSP <\/p>\n\n\n\n<p>Centro Universit\u00e1rio Maria Antonia\n<\/p>\n\n\n\n<p>Festival Comunicantus <\/p>\n\n\n\n<p>Festival de Inverno de Campos do\nJord\u00e3o <\/p>\n\n\n\n<p>Festival M\u00fasica Nova de Santos <\/p>\n\n\n\n<p>Grande Audit\u00f3rio do MASP&nbsp; <\/p>\n\n\n\n<p>Igreja Nossa Senhora da Esperan\u00e7a <\/p>\n\n\n\n<p>Igreja S\u00e3o Luiz Gonzaga <\/p>\n\n\n\n<p>Instituto de Artes da Unesp <\/p>\n\n\n\n<p>Memorial da Am\u00e9rica Latina <\/p>\n\n\n\n<p>Museu da Casa Brasileira <\/p>\n\n\n\n<p>Museu de Arte Contempor\u00e2nea do Rio\nde Janeiro <\/p>\n\n\n\n<p>Museu Paulista <\/p>\n\n\n\n<p>Parlatino (Memorial da Am\u00e9rica\nLatina)<\/p>\n\n\n\n<p>Pinacoteca do Estado <\/p>\n\n\n\n<p>SESC Pinheiros <\/p>\n\n\n\n<p>Teatro de Cultura Art\u00edstica&nbsp; <\/p>\n\n\n\n<p>Teatro do Col\u00e9gio Santa Cruz <\/p>\n\n\n\n<p>Teatro Laborat\u00f3rio da ECA-USP <\/p>\n\n\n\n<p>Teatro Municipal de Santos &#8211; Br\u00e1s\nCubas<\/p>\n\n\n\n<p>Theatro Municipal de S\u00e3o Paulo <\/p>\n\n\n\n<p>Theatro S\u00e3o Pedro <\/p>\n\n\n\n<p>TUCA &#8211; Teatro da Universidade Cat\u00f3lica\n(SP)<\/p>\n\n\n\n<h3 class=\"wp-block-heading\">Pr\u00f3ximas apresenta\u00e7\u00f5es<\/h3>\n\n\n\n<div id=\"ect-no-events\"><p>There are no upcoming events at this time<\/p><\/div>\n\n\n\n<h3 class=\"wp-block-heading\">Coralistas<\/h3>\n\n\n\n<p><strong>Sopranos<\/strong><\/p>\n\n\n\n<p>Ananda Gusm\u00e3o&nbsp;&nbsp;&nbsp;&nbsp;&nbsp;&nbsp;&nbsp;&nbsp;&nbsp;&nbsp;&nbsp;&nbsp; <\/p>\n\n\n\n<p>Anast\u00e1ssia Liantziris&nbsp;&nbsp;&nbsp;&nbsp;&nbsp;&nbsp; <\/p>\n\n\n\n<p>\u00c1urea Diovana Carlos dos Santos&nbsp;&nbsp;&nbsp;&nbsp;&nbsp;&nbsp;&nbsp;&nbsp;&nbsp;&nbsp;&nbsp; <\/p>\n\n\n\n<p>Barbara Blasques&nbsp;&nbsp;&nbsp;&nbsp;&nbsp;&nbsp;&nbsp;&nbsp;&nbsp;&nbsp;&nbsp; <\/p>\n\n\n\n<p>Camila Marquez&nbsp;&nbsp;&nbsp;&nbsp;&nbsp;&nbsp;&nbsp;&nbsp;&nbsp;&nbsp;&nbsp;&nbsp;&nbsp; <\/p>\n\n\n\n<p>Ester Leal&nbsp;&nbsp;&nbsp;&nbsp;&nbsp;&nbsp;&nbsp;&nbsp;&nbsp;&nbsp;&nbsp; <\/p>\n\n\n\n<p>Joyce Calegare <\/p>\n\n\n\n<p>Julia Polim&nbsp;&nbsp;&nbsp;&nbsp;&nbsp;&nbsp;&nbsp;&nbsp;&nbsp; <\/p>\n\n\n\n<p>Karina Alves&nbsp;&nbsp;&nbsp;&nbsp;&nbsp;&nbsp; <\/p>\n\n\n\n<p>La\u00eds Lopes&nbsp;&nbsp;&nbsp;&nbsp;&nbsp;&nbsp;&nbsp;&nbsp;&nbsp;&nbsp; <\/p>\n\n\n\n<p>Lara Gurianova <\/p>\n\n\n\n<p>Laura Zacura&nbsp;&nbsp;&nbsp;&nbsp;&nbsp; <\/p>\n\n\n\n<p>Luiza Costa&nbsp;&nbsp;&nbsp;&nbsp;&nbsp;&nbsp;&nbsp;&nbsp; <\/p>\n\n\n\n<p>Mariah Britto&nbsp;&nbsp;&nbsp;&nbsp; <\/p>\n\n\n\n<p>Marina Lah\u00f3s&nbsp;&nbsp;&nbsp; <\/p>\n\n\n\n<p>Mayara Confortini&nbsp;&nbsp;&nbsp;&nbsp;&nbsp;&nbsp;&nbsp;&nbsp;&nbsp; <\/p>\n\n\n\n<p>Natalia Mioto Anastacio &nbsp;&nbsp;&nbsp;&nbsp;&nbsp;&nbsp;&nbsp;&nbsp;&nbsp;&nbsp;&nbsp;&nbsp;&nbsp; <\/p>\n\n\n\n<p>Rafaela Martinelli&nbsp;&nbsp;&nbsp;&nbsp;&nbsp;&nbsp;&nbsp;&nbsp;&nbsp;&nbsp;&nbsp; <\/p>\n\n\n\n<p>Rafaela Martins&nbsp;&nbsp;&nbsp;&nbsp;&nbsp;&nbsp;&nbsp;&nbsp;&nbsp;&nbsp;&nbsp;&nbsp;&nbsp;&nbsp; <\/p>\n\n\n\n<p>Rafaela Pires\u00a0\u00a0\u00a0\u00a0 <\/p>\n\n\n\n<p> Stefani Souza\u00a0\u00a0\u00a0  <br><\/p>\n\n\n\n<p><strong>Contraltos<\/strong><\/p>\n\n\n\n<p>Aline Polisello&nbsp;&nbsp; <\/p>\n\n\n\n<p>Ang\u00e9lica Kolody Mammana&nbsp;&nbsp;&nbsp;&nbsp;&nbsp;&nbsp;&nbsp; <\/p>\n\n\n\n<p>Ariadne Sousa&nbsp; <\/p>\n\n\n\n<p>Clara Vieira&nbsp;&nbsp;&nbsp;&nbsp;&nbsp;&nbsp;&nbsp;&nbsp; <\/p>\n\n\n\n<p>Laleska Terzetti&nbsp;&nbsp;&nbsp;&nbsp;&nbsp;&nbsp;&nbsp;&nbsp;&nbsp;&nbsp;&nbsp;&nbsp;&nbsp;&nbsp;&nbsp; <\/p>\n\n\n\n<p>Ver\u00f4nica Tavares\u00a0\u00a0\u00a0\u00a0\u00a0\u00a0\u00a0\u00a0\u00a0\u00a0\u00a0  <\/p>\n\n\n\n<p>Vivian Schionato <\/p>\n\n\n\n<p><br><\/p>\n\n\n\n<p><strong>Tenores<\/strong><\/p>\n\n\n\n<p>D\u00e1rio de Moraes&nbsp;&nbsp;&nbsp;&nbsp;&nbsp;&nbsp;&nbsp;&nbsp;&nbsp;&nbsp;&nbsp;&nbsp; <\/p>\n\n\n\n<p>Edu Camargo&nbsp;&nbsp;&nbsp;&nbsp; <\/p>\n\n\n\n<p>Fabricio Krasovski&nbsp;&nbsp;&nbsp;&nbsp;&nbsp;&nbsp;&nbsp;&nbsp;&nbsp;&nbsp; <\/p>\n\n\n\n<p>Gabriel Vieira &nbsp;&nbsp; <\/p>\n\n\n\n<p>Gustavo Colonna&nbsp;&nbsp;&nbsp;&nbsp;&nbsp;&nbsp;&nbsp;&nbsp;&nbsp;&nbsp;&nbsp; <\/p>\n\n\n\n<p>Henrique Ribeiro&nbsp;&nbsp;&nbsp;&nbsp;&nbsp;&nbsp;&nbsp;&nbsp;&nbsp;&nbsp;&nbsp;&nbsp; <\/p>\n\n\n\n<p>Ian Arruda&nbsp;&nbsp;&nbsp;&nbsp;&nbsp;&nbsp;&nbsp;&nbsp;&nbsp; <\/p>\n\n\n\n<p>Jo\u00e3o Rosalina&nbsp;&nbsp;&nbsp; <\/p>\n\n\n\n<p>Leonardo de Oliveira Rocha&nbsp;&nbsp;&nbsp;&nbsp;&nbsp;&nbsp; <\/p>\n\n\n\n<p>Luiz Encarna\u00e7\u00e3o&nbsp;&nbsp;&nbsp;&nbsp;&nbsp;&nbsp;&nbsp;&nbsp;&nbsp;&nbsp;&nbsp;&nbsp;&nbsp;&nbsp; <\/p>\n\n\n\n<p>Marcos Gruchka&nbsp;&nbsp;&nbsp;&nbsp;&nbsp;&nbsp;&nbsp;&nbsp;&nbsp;&nbsp;&nbsp;&nbsp;&nbsp; <\/p>\n\n\n\n<p>Pedro Ohoe&nbsp;&nbsp;&nbsp;&nbsp;&nbsp;&nbsp; <\/p>\n\n\n\n<p>Samuel Silva&nbsp;&nbsp;&nbsp;&nbsp;&nbsp; <\/p>\n\n\n\n<p>Thiago Juvito&nbsp;&nbsp;&nbsp;&nbsp; <\/p>\n\n\n\n<p>Vin\u00edcius Magario<\/p>\n\n\n\n<p><br><\/p>\n\n\n\n<p><strong>Baixos<\/strong><\/p>\n\n\n\n<p>Andr\u00e9 Felix Viana&nbsp;&nbsp;&nbsp;&nbsp;&nbsp;&nbsp;&nbsp;&nbsp;&nbsp;&nbsp;&nbsp; <\/p>\n\n\n\n<p>Andr\u00e9 Peres Ogai&nbsp;&nbsp;&nbsp;&nbsp;&nbsp;&nbsp;&nbsp;&nbsp;&nbsp;&nbsp;&nbsp; <\/p>\n\n\n\n<p>Bernardo Batista&nbsp;&nbsp;&nbsp;&nbsp;&nbsp;&nbsp;&nbsp;&nbsp;&nbsp;&nbsp;&nbsp;&nbsp; <\/p>\n\n\n\n<p>Bruno Torrano&nbsp; <\/p>\n\n\n\n<p>Daniel Bressan&nbsp; <\/p>\n\n\n\n<p>Daniel Shiguefugi&nbsp;&nbsp;&nbsp;&nbsp;&nbsp;&nbsp;&nbsp;&nbsp;&nbsp;&nbsp;&nbsp; <\/p>\n\n\n\n<p>Danilo Nunes&nbsp;&nbsp;&nbsp; <\/p>\n\n\n\n<p>David Manoel&nbsp;&nbsp; <\/p>\n\n\n\n<p>Erick Hikari&nbsp;&nbsp;&nbsp;&nbsp;&nbsp;&nbsp;&nbsp;&nbsp;&nbsp; <\/p>\n\n\n\n<p>Fernando Carlos Garcia <\/p>\n\n\n\n<p>Fernando Dias Gomes&nbsp; <\/p>\n\n\n\n<p>Fernando Samora Dias&nbsp; <\/p>\n\n\n\n<p>Gilberto Antunes&nbsp;&nbsp;&nbsp;&nbsp;&nbsp;&nbsp;&nbsp;&nbsp;&nbsp;&nbsp;&nbsp; <\/p>\n\n\n\n<p>Giovanni Manzi&nbsp;&nbsp;&nbsp;&nbsp;&nbsp;&nbsp;&nbsp;&nbsp;&nbsp;&nbsp;&nbsp;&nbsp;&nbsp;&nbsp;&nbsp; <\/p>\n\n\n\n<p>Guilherme Florentino&nbsp;&nbsp; <\/p>\n\n\n\n<p>Guilherme Gimenes&nbsp;&nbsp;&nbsp;&nbsp;&nbsp; <\/p>\n\n\n\n<p>Gustavo Takeshi&nbsp;&nbsp;&nbsp;&nbsp;&nbsp;&nbsp;&nbsp;&nbsp;&nbsp;&nbsp;&nbsp;&nbsp;&nbsp; <\/p>\n\n\n\n<p>Jo\u00e3o Botosso&nbsp;&nbsp;&nbsp;&nbsp; <\/p>\n\n\n\n<p>Jo\u00e3o Pedro Teixeira&nbsp;&nbsp;&nbsp;&nbsp;&nbsp;&nbsp; <\/p>\n\n\n\n<p>Jo\u00e3o Ricardo Penha&nbsp;&nbsp;&nbsp;&nbsp;&nbsp;&nbsp;&nbsp; <\/p>\n\n\n\n<p>Leonardo Biano&nbsp;&nbsp;&nbsp;&nbsp;&nbsp;&nbsp;&nbsp;&nbsp;&nbsp;&nbsp;&nbsp;&nbsp;&nbsp;&nbsp; <\/p>\n\n\n\n<p>Leonardo Carrasco&nbsp;&nbsp;&nbsp;&nbsp;&nbsp;&nbsp;&nbsp;&nbsp; <\/p>\n\n\n\n<p>Lucas Debortoli <\/p>\n\n\n\n<p>Matheus Anjos <\/p>\n\n\n\n<p>Victor Reis&nbsp;&nbsp;&nbsp;&nbsp;&nbsp;&nbsp;&nbsp;&nbsp;&nbsp; <\/p>\n\n\n\n<p>Natan Janczak&nbsp;&nbsp; <\/p>\n\n\n\n<p>Pedro Le\u00e3o&nbsp;&nbsp;&nbsp;&nbsp;&nbsp;&nbsp;&nbsp; <\/p>\n\n\n\n<p>Pedro Vizentini <\/p>\n\n\n\n<p>Rafael Leite&nbsp;&nbsp;&nbsp;&nbsp;&nbsp;&nbsp;&nbsp; <\/p>\n\n\n\n<p>Thales de Morais&nbsp;&nbsp;&nbsp;&nbsp;&nbsp;&nbsp;&nbsp;&nbsp;&nbsp;&nbsp;&nbsp;&nbsp; <\/p>\n\n\n\n<p>Tom\u00e1s Moura\u00a0\u00a0  <\/p>\n\n\n\n<p>Yago Luna <\/p>\n\n\n\n<p><br><\/p>\n\n\n\n<h3 class=\"wp-block-heading\">Ficha T\u00e9cnica<\/h3>\n\n\n\n<p>Regente e Diretor Art\u00edstico: Prof. Dr. Fred Teixeira<\/p>\n\n\n\n<p>Regentes Assistentes: Caio Arcolini Jacoe  (aluno de licenciatura em m\u00fasica) e Giovanna Elias (aluna de gradua\u00e7\u00e3o em reg\u00eancia coral) <\/p>\n\n\n\n<p>Prepara\u00e7\u00e3o Vocal: Margot Lohn (aluna de gradua\u00e7\u00e3o em canto e arte l\u00edrica)<\/p>\n\n\n\n<h3 class=\"wp-block-heading\">Hor\u00e1rios<\/h3>\n\n\n\n<p>2a. e 4a. das 13h \u00e0s 14h40, via Zoom<\/p>\n\n\n\n<h3 class=\"wp-block-heading\">P\u00fablico Alvo<\/h3>\n\n\n\n<p>Alunos de Gradua\u00e7\u00e3o em M\u00fasica, alunos de outros cursos da USP com leitura musical e pr\u00e1tica vocal, alunos intercambistas de gradua\u00e7\u00e3o e p\u00f3s-gradua\u00e7\u00e3o com leitura musical e pr\u00e1tica vocal<\/p>\n","protected":false},"excerpt":{"rendered":"<p>Coral da ECA-USP O Coral da ECA-USP \u00e9 o coro mais antigo do Comunicantus, mas ao mesmo tempo \u00e9 alimentado pela eterna juventude de seus [&hellip;]<\/p>\n","protected":false},"author":1,"featured_media":563,"parent":0,"menu_order":0,"comment_status":"closed","ping_status":"closed","template":"","meta":{"footnotes":""},"class_list":["post-324","page","type-page","status-publish","has-post-thumbnail","hentry"],"jetpack_sharing_enabled":true,"jetpack_shortlink":"https:\/\/wp.me\/PaQJJo-5e","_links":{"self":[{"href":"https:\/\/comunicantus.eca.usp.br\/index.php\/wp-json\/wp\/v2\/pages\/324","targetHints":{"allow":["GET"]}}],"collection":[{"href":"https:\/\/comunicantus.eca.usp.br\/index.php\/wp-json\/wp\/v2\/pages"}],"about":[{"href":"https:\/\/comunicantus.eca.usp.br\/index.php\/wp-json\/wp\/v2\/types\/page"}],"author":[{"embeddable":true,"href":"https:\/\/comunicantus.eca.usp.br\/index.php\/wp-json\/wp\/v2\/users\/1"}],"replies":[{"embeddable":true,"href":"https:\/\/comunicantus.eca.usp.br\/index.php\/wp-json\/wp\/v2\/comments?post=324"}],"version-history":[{"count":20,"href":"https:\/\/comunicantus.eca.usp.br\/index.php\/wp-json\/wp\/v2\/pages\/324\/revisions"}],"predecessor-version":[{"id":1877,"href":"https:\/\/comunicantus.eca.usp.br\/index.php\/wp-json\/wp\/v2\/pages\/324\/revisions\/1877"}],"wp:featuredmedia":[{"embeddable":true,"href":"https:\/\/comunicantus.eca.usp.br\/index.php\/wp-json\/wp\/v2\/media\/563"}],"wp:attachment":[{"href":"https:\/\/comunicantus.eca.usp.br\/index.php\/wp-json\/wp\/v2\/media?parent=324"}],"curies":[{"name":"wp","href":"https:\/\/api.w.org\/{rel}","templated":true}]}}