{"id":28,"date":"2016-12-05T14:38:17","date_gmt":"2016-12-05T16:38:17","guid":{"rendered":"http:\/\/comunicantus.eca.usp.br\/?page_id=28"},"modified":"2024-11-25T08:38:26","modified_gmt":"2024-11-25T11:38:26","slug":"sobre-o-comunicantus","status":"publish","type":"page","link":"https:\/\/comunicantus.eca.usp.br\/index.php\/sobre-o-comunicantus\/","title":{"rendered":"Sobre o Comunicantus"},"content":{"rendered":"\n<h2 class=\"wp-block-heading\">O que \u00e9 o Comunicantus?<\/h2>\n\n\n\n<p> Comunicantus \u00e9 o nome atual do Laborat\u00f3rio Coral do Departamento de M\u00fasica da ECA-USP. Neste laborat\u00f3rio acontecem as atividades pr\u00e1ticas dos corais que ensaiam regularmente e as atividades de extens\u00e3o e aperfei\u00e7oamento como cursos, workshops e concertos.<\/p>\n\n\n\n<p>O nome Comunicantus \u00e9 uma homenagem ao Maestro e Professor Klaus-Dieter Wolff, primeiro professor de reg\u00eancia coral na USP, de 1971 a 1974. Entre 1973 e 1978, Comunicantus foi o nome do atual Coral da ECA-USP, formado por alunos de gradua\u00e7\u00e3o da USP. O Maestro Klaus-Dieter Wolff foi professor de Marco Antonio da Silva Ramos, que de 1981 a 2019 foi respons\u00e1vel pela \u00e1rea coral do Departamento de M\u00fasica da ECA-USP.<\/p>\n\n\n\n<p>As atividades corais do Departamento de M\u00fasica da ECA-USP s\u00e3o planejadas e desenvolvidas neste Laborat\u00f3rio, que re\u00fane os professores da \u00e1rea coral e dialoga com professores de outras \u00e1reas e de outras institui\u00e7\u00f5es ligadas ao Canto Coral. Al\u00e9m das disciplinas curriculares, o Laborat\u00f3rio mant\u00e9m v\u00e1rios coros, com perfis diferenciados de p\u00fablico, sempre como oportunidade de est\u00e1gio e de aprendizado pr\u00e1tico e reflexivo, preparando os futuros m\u00fasicos para as m\u00faltiplas possibilidades de trabalho em Canto Coral.<br><\/p>\n\n\n\n<p>O Comunicantus tem incentivado a produ\u00e7\u00e3o discente, com muitas composi\u00e7\u00f5es e arranjos estreados pelos coros que fazem parte do laborat\u00f3rio. Realiza tamb\u00e9m projetos especiais de extens\u00e3o, tais como cursos, workshops, palestras, semin\u00e1rios. Tem recebido importantes profissionais ligados ao Canto Coral, tanto brasileiros como internacionais, objetivando a forma\u00e7\u00e3o dos alunos, o crescimento da atividade coral e o desenvolvimento da pesquisa e da atividade art\u00edstica. As atividades s\u00e3o supervisionadas pelos professores Marco Antonio da Silva Ramos (idealizador e colaborador s\u00eanior) e Susana Cecilia Igayara (coordenadora).<\/p>\n\n\n\n<h4 class=\"wp-block-heading\"><strong>Coros em atividade<\/strong> (atualmente em atividade s\u00edncrona remota por v\u00eddeo confer\u00eancia)<\/h4>\n\n\n\n<p><strong><em>Coral da ECA-USP<\/em><\/strong><br>Disciplina obrigat\u00f3ria para gradua\u00e7\u00e3o em m\u00fasica e optativa para outros cursos.<br><em>Ensaios: Segunda e Quarta, das 13h \u00e0s 14h40<\/em><\/p>\n\n\n\n<p><strong><em>Coro de C\u00e2mara Comunicantus<\/em><\/strong><br>Coro de bolsistas do Programa Unificado de Bolsas da USP.<br><em>Ensaios: Ter\u00e7as e Quartas, das 19h00 \u00e0s 21h30h<\/em><\/p>\n\n\n\n<p><\/p>\n\n\n\n<p><strong><em>Coral Escola Comunicantus<\/em><\/strong><br>Coro comunit\u00e1rio voltado para alunos, funcion\u00e1rios e professores da USP al\u00e9m de membros da comunidade externa \u00e0 USP.<br><em>Ensaios: sexta-feira, das 18h30 \u00e0s 20h40<\/em><\/p>\n\n\n\n<p><em><strong>Coral Universit\u00e1rio Comunicantus<\/strong><\/em><br>Coro formado pelos estagi\u00e1rios dos coros comunit\u00e1rios.<br><em>Ensaios: quinta-feira, 16h30 \u00e0s 18h30<\/em><\/p>\n\n\n\n<p><em><strong>Classe de Reg\u00eancia Coral&nbsp;<\/strong><\/em><br>Coro formado pelos alunos da classe de reg\u00eancia coral<br><em>Ensaios: quinta-feira, 13h \u00e0s 16h<\/em><\/p>\n\n\n\n<p><\/p>\n\n\n\n<h4 class=\"wp-block-heading\"><strong>Corais que j\u00e1 fizeram parte do Comunicantus, hoje desativados<\/strong><br><\/h4>\n\n\n\n<p><em><strong>Coral da Terceira Idade da USP<\/strong><\/em> (desativado desde a pandemia)<br>Coro comunit\u00e1rio que faz parte do Programa Universidade Aberta \u00e0 3\u00aa Idade da Pr\u00f3-Reitoria de Cultura e Extens\u00e3o Universit\u00e1ria da USP. Exclusivo ao p\u00fablico da 3\u00aa idade (acima de 60 anos).<br><em>Ensaios: Sexta-feira, das 14h \u00e0s 16h<\/em><\/p>\n\n\n\n<p><strong><em>Madrigal Comunicantus<\/em><\/strong><br>Voltado ao repert\u00f3rio renascentista e ligado a projeto de pesquisa.<br><em>Ensaios: segunda-feira, das 15h \u00e0s 17h<\/em><\/p>\n\n\n\n<p><em><strong>Studio Coral \u2013 Vozes Femininas (desativado)<\/strong><\/em><br>Coral independente associado ao Comunicantus: Laborat\u00f3rio Coral <\/p>\n\n\n\n<p><em><strong>Coral Oficina Comunicantus (desativado)<\/strong><\/em><br><em>Coro comunit\u00e1rio voltado a coralistas iniciantes.<\/em><\/p>\n\n\n\n<p><br><\/p>\n","protected":false},"excerpt":{"rendered":"<p>O que \u00e9 o Comunicantus? Comunicantus \u00e9 o nome atual do Laborat\u00f3rio Coral do Departamento de M\u00fasica da ECA-USP. Neste laborat\u00f3rio acontecem as atividades pr\u00e1ticas [&hellip;]<\/p>\n","protected":false},"author":1,"featured_media":0,"parent":0,"menu_order":0,"comment_status":"closed","ping_status":"closed","template":"","meta":{"footnotes":""},"class_list":["post-28","page","type-page","status-publish","hentry"],"jetpack_sharing_enabled":true,"jetpack_shortlink":"https:\/\/wp.me\/PaQJJo-s","_links":{"self":[{"href":"https:\/\/comunicantus.eca.usp.br\/index.php\/wp-json\/wp\/v2\/pages\/28","targetHints":{"allow":["GET"]}}],"collection":[{"href":"https:\/\/comunicantus.eca.usp.br\/index.php\/wp-json\/wp\/v2\/pages"}],"about":[{"href":"https:\/\/comunicantus.eca.usp.br\/index.php\/wp-json\/wp\/v2\/types\/page"}],"author":[{"embeddable":true,"href":"https:\/\/comunicantus.eca.usp.br\/index.php\/wp-json\/wp\/v2\/users\/1"}],"replies":[{"embeddable":true,"href":"https:\/\/comunicantus.eca.usp.br\/index.php\/wp-json\/wp\/v2\/comments?post=28"}],"version-history":[{"count":11,"href":"https:\/\/comunicantus.eca.usp.br\/index.php\/wp-json\/wp\/v2\/pages\/28\/revisions"}],"predecessor-version":[{"id":1932,"href":"https:\/\/comunicantus.eca.usp.br\/index.php\/wp-json\/wp\/v2\/pages\/28\/revisions\/1932"}],"wp:attachment":[{"href":"https:\/\/comunicantus.eca.usp.br\/index.php\/wp-json\/wp\/v2\/media?parent=28"}],"curies":[{"name":"wp","href":"https:\/\/api.w.org\/{rel}","templated":true}]}}