{"id":1188,"date":"2019-11-28T14:46:03","date_gmt":"2019-11-28T16:46:03","guid":{"rendered":"http:\/\/comunicantus.eca.usp.br\/?page_id=1188"},"modified":"2024-11-25T08:38:26","modified_gmt":"2024-11-25T11:38:26","slug":"salmo-150","status":"publish","type":"page","link":"https:\/\/comunicantus.eca.usp.br\/index.php\/salmo-150\/","title":{"rendered":"Salmo 150"},"content":{"rendered":"\n<h3 class=\"wp-block-heading\">Salmo 150<\/h3>\n\n\n\n<table class=\"wp-block-table is-style-stripes\"><tbody><tr><td>\n  <strong>Latim<\/strong>\n  <\/td><td>\n  <strong>Portugu\u00eas<\/strong>\n  <\/td><\/tr><tr><td>\n  Alleluia!\n  <\/td><td>\n  Aleluia!\n  <\/td><\/tr><tr><td>\n  Laudate Dominum in sanctis eius;\n  <\/td><td>\n  Louvai\n  a Deus em seu santu\u00e1rio;\n  <\/td><\/tr><tr><td>\n  laudate eum in firmamento virtutis eius.\n  <\/td><td>\n  louvai-o\n  no firmamento de seu poder.\n  <\/td><\/tr><tr><td>\n  Laudate eum in virtutibus eius;\n  <\/td><td>\n  Louvai-o\n  por suas proezas; \n  <\/td><\/tr><tr><td>\n  laudate eum secundum multitudinem magnitudinis eius.\n  <\/td><td>\n  louvai-o\n  conforme a imensid\u00e3o de sua grandeza!\n  <\/td><\/tr><tr><td>\n  Laudate eum in sono tubae;\n  <\/td><td>\n  Louvai-o\n  com o toque da trombeta;\n  <\/td><\/tr><tr><td>\n  laudate eum in psalterio et cithara.\n  <\/td><td>\n  louvai-o\n  com salt\u00e9rio e com harpa.\n  <\/td><\/tr><tr><td>\n  Laudate eum in tympano et choro;\n  <\/td><td>\n  Louvai-o\n  com dan\u00e7a e tambor;\n  <\/td><\/tr><tr><td>\n  laudate eum in chordis et organo.\n  <\/td><td>\n  louvai-o\n  com as cordas e flauta.\n  <\/td><\/tr><tr><td>\n  Laudate eum in cymbalis benesonantibus;\n  <\/td><td>\n  Louvai-o\n  com c\u00edmbalos sonoros;\n  <\/td><\/tr><tr><td>\n  laudate eum in cymbalis iubilationis.\n  <\/td><td>\n  louvai-o\n  com c\u00edmbalos retumbantes!\n  <\/td><\/tr><tr><td>\n  Omnis spiritus \n  <\/td><td>\n  Todo\n  ser que respira\n  <\/td><\/tr><tr><td>\n  laudet Dominum!\n  <\/td><td>\n  louve\n  ao Senhor!\n  <\/td><\/tr><tr><td>\n  Alleluia!\n  <\/td><td>\n  Aleluia!\n  <\/td><\/tr><\/tbody><\/table>\n\n\n\n<p>Tradu\u00e7\u00e3o gentilmente cedida pelo Prof. Pe. Waldecir Gonzaga (Doutor em Teologia B\u00edblica pela Pontif\u00edcia Universidade Gregoriana, Roma; P\u00f3s-Doutorado pela FAJE, Belo Horizonte, MG, Brasil)<br>Fonte: GONZAGA, Waldecir. O <strong>Salmo 150<\/strong>&nbsp;\u00e0 luz da An\u00e1lise Ret\u00f3rica B\u00edblica Sem\u00edtica.&nbsp;<strong><em>ReBiblica<\/em><\/strong><em>,<\/em>&nbsp;Porto Alegre, v. 1, n. 2, p. 155-170,&nbsp;2019.&nbsp;ISSN&nbsp;2596-2922. <\/p>\n","protected":false},"excerpt":{"rendered":"<p>Salmo 150 Latim Portugu\u00eas Alleluia! Aleluia! Laudate Dominum in sanctis eius; Louvai a Deus em seu santu\u00e1rio; laudate eum in firmamento virtutis eius. louvai-o no [&hellip;]<\/p>\n","protected":false},"author":1,"featured_media":0,"parent":0,"menu_order":0,"comment_status":"closed","ping_status":"closed","template":"","meta":{"footnotes":""},"class_list":["post-1188","page","type-page","status-publish","hentry"],"jetpack_sharing_enabled":true,"jetpack_shortlink":"https:\/\/wp.me\/PaQJJo-ja","_links":{"self":[{"href":"https:\/\/comunicantus.eca.usp.br\/index.php\/wp-json\/wp\/v2\/pages\/1188","targetHints":{"allow":["GET"]}}],"collection":[{"href":"https:\/\/comunicantus.eca.usp.br\/index.php\/wp-json\/wp\/v2\/pages"}],"about":[{"href":"https:\/\/comunicantus.eca.usp.br\/index.php\/wp-json\/wp\/v2\/types\/page"}],"author":[{"embeddable":true,"href":"https:\/\/comunicantus.eca.usp.br\/index.php\/wp-json\/wp\/v2\/users\/1"}],"replies":[{"embeddable":true,"href":"https:\/\/comunicantus.eca.usp.br\/index.php\/wp-json\/wp\/v2\/comments?post=1188"}],"version-history":[{"count":3,"href":"https:\/\/comunicantus.eca.usp.br\/index.php\/wp-json\/wp\/v2\/pages\/1188\/revisions"}],"predecessor-version":[{"id":1191,"href":"https:\/\/comunicantus.eca.usp.br\/index.php\/wp-json\/wp\/v2\/pages\/1188\/revisions\/1191"}],"wp:attachment":[{"href":"https:\/\/comunicantus.eca.usp.br\/index.php\/wp-json\/wp\/v2\/media?parent=1188"}],"curies":[{"name":"wp","href":"https:\/\/api.w.org\/{rel}","templated":true}]}}