{"id":1004,"date":"2019-10-01T20:49:30","date_gmt":"2019-10-01T23:49:30","guid":{"rendered":"http:\/\/comunicantus.eca.usp.br\/?page_id=1004"},"modified":"2024-11-25T08:38:26","modified_gmt":"2024-11-25T11:38:26","slug":"lilium-kayo-konishi-yukio-kondo","status":"publish","type":"page","link":"https:\/\/comunicantus.eca.usp.br\/index.php\/lilium-kayo-konishi-yukio-kondo\/","title":{"rendered":"Lilium &#8211; Kayo Konishi &#038; Yukio Kondo"},"content":{"rendered":"\n<h2 class=\"wp-block-heading\"><strong>Transcri\u00e7\u00e3o Fon\u00e9tica\nLilium<\/strong><\/h2>\n\n\n\n<h4 class=\"wp-block-heading\"><strong>Kayo Konishi &amp; Yukio Kondo<\/strong><br><\/h4>\n\n\n\n<p><strong>Arranjo: <\/strong>Silvestre Lonardeli (2018)<\/p>\n\n\n\n<p><strong>Transcri\u00e7\u00e3o fon\u00e9tica:<\/strong> Anne Karoline Moreira<\/p>\n\n\n\n<p>Os iusti<br>[o\u2019si.ys.ti] <br>[o\u2019si.us.ti]*<\/p>\n\n\n\n<p>Meditabitur sapientiam<br>[me.di\u2019ta.bi.ty\u027e sa.pi\u2019en.tjam]<br>[me.di\u2019ta.bi.tur sa.pi\u2019en.tsjam]*<\/p>\n\n\n\n<p>Et lingua eius<br>[e \u2018linwa ejys]<br>[et \u2018lin.gwa ejus]*<\/p>\n\n\n\n<p>Loquetur indicium<br>[lo\u2019kwe.ty \u027ein\u2019di.sjym]<br>[lo\u2019kwe.tur in.\u2019di.si.um]*<\/p>\n\n\n\n<p>Beatus vir qui<br>[b\u0259a.tys vi\u027e kwi]<br>[be\u2019a.tus vir kwi]*<\/p>\n\n\n\n<p>Suffert tentationem<br>[\u2018sy.fe ten.ta\u2019tjo.nem]<br>[\u2018su.fert ten.ta\u2019tsjo.nem]*<\/p>\n\n\n\n<p>Quoniam cum probatus<br>[\u2018ko.ni.am kum p\u027eo.ba.t\u0259s]<br>[\u2018kwo.njam kum p\u027eo\u2019ba.tus]*<\/p>\n\n\n\n<p>Fuerit accipient coronam vitae<br>[\u2018fw\u0259.\u027eit \u2018a\u0283i.pjent ko.\u027eo\u2019n\u0250 vi.ta\u0259]<br>[\u2018fwe.\u027eit \u2018at\u0283i.pjent ko.\u027eo\u2019nam vi.te]*<\/p>\n\n\n\n<p>Kyrie, fons bonitatis<br>[\u2018ki.\u027eje fo bo.ni.ta.ts]<br>[\u2018ki.\u027eje fons bo.ni\u2019ta.tis]*<\/p>\n\n\n\n<p>Kyrie, ignis divine, eleison<br>[\u2018ki.\u027eje \u2018ig.ni di.vnelej.son]<br>[\u2018ki.\u027eje \u2018ig.nis di\u2019vi.ne e.le.i.son]*<\/p>\n\n\n\n<p>Oh, quam sancta<br>[\u0254 k\u0254 \u2018sanc.ta]<br>[\u0254 kwam \u2018sanc.ta]*<\/p>\n\n\n\n<p>Quam serena<br>[kam se.\u027ee.na]<br>[kwam se.\u027ee.na]*<\/p>\n\n\n\n<p>Quam benigna<br>[kwam be\u2019nig.ma]<br>[kwam be\u2019nig.ma]*<\/p>\n\n\n\n<p>Quam amoena<br>[kam a.mo\u2019e.na]<br>[kwam a.mo\u2019e.na]*<\/p>\n\n\n\n<p>Es se virgo creditur<br>[e se \u2018vi.go c\u027ee\u2019di.tu\u027e]<br>[es se \u2018vir.go c\u027ee\u2019di.tur]*<\/p>\n\n\n\n<p>Oh, quam sancta<br>[\u0254 k\u0254 \u2018sanc.ta]<br>[\u0254 kwam \u2018sanc.ta]*<\/p>\n\n\n\n<p>Quam serena<br>[kam se.\u027ee.na]<br>[kwam se.\u027ee.na]*<\/p>\n\n\n\n<p>Quam benigna<br>[kwam be\u2019nig.ma]<br>[kwam be\u2019nig.ma]*<\/p>\n\n\n\n<p>Quam amoena<br>[kam a.mo\u2019e.na]<br>[kwam a.mo\u2019e.na]*<\/p>\n\n\n\n<p>Oh, castitatis lilium<br>[\u0254 cas.ti\u2019ta.ts \u2018li.li.ym] <br>[\u0254 cas.ti\u2019ta.tis \u2018li.li.u m]*<\/p>\n\n\n\n<p>*Latim eclesi\u00e1stico.<\/p>\n","protected":false},"excerpt":{"rendered":"<p>Transcri\u00e7\u00e3o Fon\u00e9tica Lilium Kayo Konishi &amp; Yukio Kondo Arranjo: Silvestre Lonardeli (2018) Transcri\u00e7\u00e3o fon\u00e9tica: Anne Karoline Moreira Os iusti[o\u2019si.ys.ti] [o\u2019si.us.ti]* Meditabitur sapientiam[me.di\u2019ta.bi.ty\u027e sa.pi\u2019en.tjam][me.di\u2019ta.bi.tur sa.pi\u2019en.tsjam]* Et [&hellip;]<\/p>\n","protected":false},"author":1,"featured_media":0,"parent":0,"menu_order":0,"comment_status":"closed","ping_status":"closed","template":"","meta":{"footnotes":""},"class_list":["post-1004","page","type-page","status-publish","hentry"],"jetpack_sharing_enabled":true,"jetpack_shortlink":"https:\/\/wp.me\/PaQJJo-gc","_links":{"self":[{"href":"https:\/\/comunicantus.eca.usp.br\/index.php\/wp-json\/wp\/v2\/pages\/1004","targetHints":{"allow":["GET"]}}],"collection":[{"href":"https:\/\/comunicantus.eca.usp.br\/index.php\/wp-json\/wp\/v2\/pages"}],"about":[{"href":"https:\/\/comunicantus.eca.usp.br\/index.php\/wp-json\/wp\/v2\/types\/page"}],"author":[{"embeddable":true,"href":"https:\/\/comunicantus.eca.usp.br\/index.php\/wp-json\/wp\/v2\/users\/1"}],"replies":[{"embeddable":true,"href":"https:\/\/comunicantus.eca.usp.br\/index.php\/wp-json\/wp\/v2\/comments?post=1004"}],"version-history":[{"count":7,"href":"https:\/\/comunicantus.eca.usp.br\/index.php\/wp-json\/wp\/v2\/pages\/1004\/revisions"}],"predecessor-version":[{"id":1026,"href":"https:\/\/comunicantus.eca.usp.br\/index.php\/wp-json\/wp\/v2\/pages\/1004\/revisions\/1026"}],"wp:attachment":[{"href":"https:\/\/comunicantus.eca.usp.br\/index.php\/wp-json\/wp\/v2\/media?parent=1004"}],"curies":[{"name":"wp","href":"https:\/\/api.w.org\/{rel}","templated":true}]}}